{"id":370099,"date":"2022-09-02T14:21:55","date_gmt":"2022-09-02T12:21:55","guid":{"rendered":"https:\/\/www.eltratec.com\/contact\/"},"modified":"2024-12-09T15:18:50","modified_gmt":"2024-12-09T14:18:50","slug":"contact","status":"publish","type":"page","link":"https:\/\/www.eltratec.com\/en\/contact\/","title":{"rendered":"Contact"},"content":{"rendered":"<p>[et_pb_section fb_built=&#8221;1&#8243; custom_padding_last_edited=&#8221;on|phone&#8221; next_background_color=&#8221;#ffffff&#8221; admin_label=&#8221;Boxy Header Module &#8211; Image 1920 x 1117 pixels&#8221; module_class=&#8221;header_8_f falkor&#8221; _builder_version=&#8221;4.17.4&#8243; _module_preset=&#8221;default&#8221; background_enable_color=&#8221;off&#8221; use_background_color_gradient=&#8221;on&#8221; background_color_gradient_direction=&#8221;90deg&#8221; background_color_gradient_stops=&#8221;#636467 1%|#f7901e 99%&#8221; background_enable_image=&#8221;off&#8221; background_blend=&#8221;multiply&#8221; background_enable_pattern_style=&#8221;on&#8221; background_pattern_style=&#8221;diagonal-stripes-2&#8243; background_pattern_color=&#8221;#636467&#8243; background_pattern_repeat_origin=&#8221;center&#8221; background_enable_mask_style=&#8221;on&#8221; background_mask_style=&#8221;corner-square&#8221; background_mask_color=&#8221;#636467&#8243; background_mask_blend_mode=&#8221;saturation&#8221; z_index=&#8221;1&#8243; custom_margin=&#8221;||||false|false&#8221; custom_padding=&#8221;79px||34px||false|false&#8221; custom_padding_tablet=&#8221;100px||84px||false|false&#8221; custom_padding_phone=&#8221;63px||50px||false|false&#8221; bottom_divider_style=&#8221;asymmetric4&#8243; animation_style=&#8221;slide&#8221; animation_direction=&#8221;top&#8221; animation_intensity_slide=&#8221;5%&#8221; collapsed=&#8221;off&#8221; global_colors_info=&#8221;{}&#8221;][et_pb_row custom_padding_last_edited=&#8221;on|tablet&#8221; admin_label=&#8221;Boxy Header Module&#8221; module_class=&#8221;lines_ba et_pb_row_fullwidth&#8221; _builder_version=&#8221;4.16&#8243; _module_preset=&#8221;default&#8221; background_size=&#8221;initial&#8221; background_position=&#8221;top_left&#8221; background_repeat=&#8221;repeat&#8221; z_index=&#8221;1&#8243; width=&#8221;89%&#8221; width_tablet=&#8221;80%&#8221; width_phone=&#8221;80%&#8221; width_last_edited=&#8221;on|desktop&#8221; max_width=&#8221;89%&#8221; max_width_tablet=&#8221;80%&#8221; max_width_phone=&#8221;80%&#8221; max_width_last_edited=&#8221;on|desktop&#8221; custom_padding=&#8221;20px|0px|20px|0px&#8221; custom_padding_tablet=&#8221;0px|0px|0px|0px&#8221; custom_padding_phone=&#8221;&#8221; make_fullwidth=&#8221;on&#8221; global_colors_info=&#8221;{}&#8221;][et_pb_column type=&#8221;4_4&#8243; _builder_version=&#8221;4.16&#8243; _module_preset=&#8221;default&#8221; background_position=&#8221;top_left&#8221; custom_padding=&#8221;|||&#8221; global_colors_info=&#8221;{}&#8221; custom_padding__hover=&#8221;|||&#8221;][et_pb_cta title=&#8221;CONTACT US&#8221; admin_label=&#8221;Make It Awesome&#8221; _builder_version=&#8221;4.17.4&#8243; _module_preset=&#8221;default&#8221; header_font=&#8221;Poppins|700||on|||||&#8221; header_text_color=&#8221;#FFFFFF&#8221; header_font_size=&#8221;56px&#8221; header_line_height=&#8221;1.7em&#8221; body_font=&#8221;Lato||||&#8221; body_text_color=&#8221;#ffffff&#8221; body_font_size=&#8221;16&#8243; body_line_height=&#8221;170%&#8221; use_background_color=&#8221;off&#8221; custom_button=&#8221;on&#8221; button_text_size=&#8221;16px&#8221; button_text_color=&#8221;#ffffff&#8221; button_bg_color=&#8221;rgba(0,0,0,0)&#8221; button_border_color=&#8221;#ffffff&#8221; button_border_radius=&#8221;0px&#8221; button_font=&#8221;Montserrat|on||on|&#8221; button_use_icon=&#8221;off&#8221; header_font_size_tablet=&#8221;50&#8243; header_font_size_phone=&#8221;36&#8243; header_font_size_last_edited=&#8221;on|phone&#8221; custom_css_promo_title=&#8221;line-height: 110% !important;|| position: relative;||padding: 32px 20px;|| display: block;||margin-bottom: 24px;&#8221; button_border_radius_hover=&#8221;0px&#8221; button_bg_color_hover=&#8221;rgba(0,0,0,0.3)&#8221; global_colors_info=&#8221;{}&#8221; button_text_size__hover_enabled=&#8221;off&#8221; button_one_text_size__hover_enabled=&#8221;off&#8221; button_two_text_size__hover_enabled=&#8221;off&#8221; button_text_color__hover_enabled=&#8221;off&#8221; button_one_text_color__hover_enabled=&#8221;off&#8221; button_two_text_color__hover_enabled=&#8221;off&#8221; button_border_width__hover_enabled=&#8221;off&#8221; button_one_border_width__hover_enabled=&#8221;off&#8221; button_two_border_width__hover_enabled=&#8221;off&#8221; button_border_color__hover_enabled=&#8221;off&#8221; button_one_border_color__hover_enabled=&#8221;off&#8221; button_two_border_color__hover_enabled=&#8221;off&#8221; button_border_radius__hover_enabled=&#8221;on&#8221; button_border_radius__hover=&#8221;0px&#8221; button_one_border_radius__hover_enabled=&#8221;off&#8221; button_two_border_radius__hover_enabled=&#8221;off&#8221; button_letter_spacing__hover_enabled=&#8221;off&#8221; button_one_letter_spacing__hover_enabled=&#8221;off&#8221; button_two_letter_spacing__hover_enabled=&#8221;off&#8221; button_bg_color__hover_enabled=&#8221;on&#8221; button_bg_color__hover=&#8221;rgba(0,0,0,0.3)&#8221; button_one_bg_color__hover_enabled=&#8221;off&#8221; button_two_bg_color__hover_enabled=&#8221;off&#8221;][\/et_pb_cta][et_pb_code _builder_version=&#8221;4.17.4&#8243; _module_preset=&#8221;default&#8221; global_colors_info=&#8221;{}&#8221;]<\/p>\n<style><!-- [et_pb_line_break_holder] -->\/* title border *\/<!-- [et_pb_line_break_holder] -->body #page-container .lines_ba h2:before,<!-- [et_pb_line_break_holder] -->body #page-container .lines_ba h2:after { border-width: 7px!important;<!-- [et_pb_line_break_holder] -->border-color: #99C13C !important; <!-- [et_pb_line_break_holder] -->}<!-- [et_pb_line_break_holder] --><\/style>\n<p>[\/et_pb_code][\/et_pb_column][\/et_pb_row][\/et_pb_section][et_pb_section fb_built=&#8221;1&#8243; custom_padding_last_edited=&#8221;on|phone&#8221; admin_label=&#8221;Second Try Content &#8211; Tina&#8221; module_id=&#8221;second-try&#8221; module_class=&#8221;tina_content_second_try&#8221; _builder_version=&#8221;4.16&#8243; custom_padding=&#8221;0px||0px||false|false&#8221; custom_padding_tablet=&#8221;50px||||false|false&#8221; custom_padding_phone=&#8221;||0px||false|false&#8221; global_colors_info=&#8221;{}&#8221;][et_pb_row column_structure=&#8221;1_4,1_2,1_4&#8243; use_custom_gutter=&#8221;on&#8221; gutter_width=&#8221;2&#8243; make_equal=&#8221;on&#8221; admin_label=&#8221;Second Try Content &#8211; Tina &#8211; Row&#8221; module_class=&#8221;map_row&#8221; _builder_version=&#8221;4.16&#8243; width=&#8221;90%&#8221; min_height=&#8221;100vh&#8221; custom_padding=&#8221;0px||0px||false|false&#8221; scroll_vertical_motion_enable=&#8221;on&#8221; scroll_vertical_motion=&#8221;0|50|50|100|-1|0|0&#8243; scroll_vertical_motion_tablet=&#8221;0|50|50|100|0|0|0&#8243; scroll_vertical_motion_phone=&#8221;&#8221; scroll_vertical_motion_last_edited=&#8221;on|tablet&#8221; custom_css_main_element=&#8221;    justify-content: center;||    align-items: center;||display: flex;&#8221; global_colors_info=&#8221;{}&#8221;][et_pb_column type=&#8221;1_4&#8243; _builder_version=&#8221;4.16&#8243; scroll_horizontal_motion_enable=&#8221;on&#8221; scroll_horizontal_motion=&#8221;0|50|50|100|0|0|-15&#8243; motion_trigger_start=&#8221;bottom&#8221; scroll_horizontal_motion_tablet=&#8221;&#8221; scroll_horizontal_motion_phone=&#8221;0|50|50|100|0|0|0&#8243; scroll_horizontal_motion_last_edited=&#8221;on|phone&#8221; custom_css_main_element=&#8221;width: 28.7% !important;||margin-right: 3% !important;&#8221; global_colors_info=&#8221;{}&#8221;][et_pb_cta title=&#8221;Company info&#8221; admin_label=&#8221;Second Try Content &#8211; Tina &#8211; Call To Action&#8221; _builder_version=&#8221;4.17.4&#8243; header_font=&#8221;Poppins|600|||||||&#8221; header_text_color=&#8221;#F7901E&#8221; header_font_size=&#8221;24px&#8221; header_line_height=&#8221;120%&#8221; body_font=&#8221;Poppins||||||||&#8221; body_text_color=&#8221;#444444&#8243; body_font_size=&#8221;16px&#8221; body_line_height=&#8221;120%&#8221; body_ul_type=&#8221;none&#8221; body_link_text_color=&#8221;#444444&#8243; use_background_color=&#8221;off&#8221; text_orientation=&#8221;left&#8221; custom_margin=&#8221;||0px||false|false&#8221; scroll_horizontal_motion=&#8221;0|50|50|100|0|0|-15&#8243; custom_css_promo_description=&#8221;padding-bottom: 0;&#8221; custom_css_promo_title=&#8221;||padding-bottom: 29px;&#8221; locked=&#8221;off&#8221; global_colors_info=&#8221;{}&#8221; body_link_text_color__hover=&#8221;#99C13C&#8221; body_link_text_color__hover_enabled=&#8221;on|hover&#8221;]<\/p>\n<p>Eltratec, trade, production and services d.o.o<\/p>\n<p>Ulica dr. Antona Koro\u0161ca 23<br \/>9244 Sveti Jurij ob \u0160\u010davnici<br \/>Slovenia<\/p>\n<p>Tax number: SI96512059<br \/>registration number: 2316773000<\/p>\n<p>[\/et_pb_cta][\/et_pb_column][et_pb_column type=&#8221;1_2&#8243; _builder_version=&#8221;4.16&#8243; custom_css_main_element=&#8221;width: 36.5% !important;||    margin-right: 3% !important;&#8221; global_colors_info=&#8221;{}&#8221;][et_pb_image src=&#8221;https:\/\/www.eltratec.com\/wp-content\/uploads\/2022\/09\/tina-content-second-try-big-map-image-scaled-1.jpg&#8221; align=&#8221;center&#8221; admin_label=&#8221;Second Try Content &#8211; Tina &#8211; Image 2560x1758px&#8221; _builder_version=&#8221;4.17.4&#8243; custom_margin=&#8221;||0px||false|false&#8221; border_radii=&#8221;on|50%|50%|50%|50%&#8221; global_colors_info=&#8221;{}&#8221;][\/et_pb_image][et_pb_text admin_label=&#8221;Second Try Content &#8211; Tina &#8211; Text&#8221; module_class=&#8221;white_background&#8221; _builder_version=&#8221;4.16&#8243; scroll_scaling_enable=&#8221;on&#8221; scroll_scaling=&#8221;0|50|50|100|100%|100|1000%&#8221; motion_trigger_start=&#8221;bottom&#8221; custom_css_main_element=&#8221;   display: block;|| ||    border-radius: 50%;|| ||    top: 0;||    left: 0;||    width: 100%;||    height: 100%;&#8221; global_colors_info=&#8221;{}&#8221;][\/et_pb_text][et_pb_text admin_label=&#8221;Second Try Content &#8211; Tina &#8211; Text&#8221; module_class=&#8221;map_wrraper&#8221; _builder_version=&#8221;4.17.4&#8243; global_colors_info=&#8221;{}&#8221;]<iframe src=\"https:\/\/www.google.com\/maps\/embed?pb=!1m18!1m12!1m3!1d2743.041736590228!2d16.02192421610494!3d46.566639967225065!2m3!1f0!2f0!3f0!3m2!1i1024!2i768!4f13.1!3m3!1m2!1s0x476f6a11ef49e23b%3A0x6d46696d7a035b3d!2sUlica%20dr.%20Antona%20Koro%C5%A1ca%2023%2C%209244%20Sveti%20Jurij%20ob%20%C5%A0%C4%8Davnici!5e0!3m2!1sen!2ssi!4v1662648136730!5m2!1sen!2ssi\" width=\"600\" height=\"450\" style=\"border:0;\" allowfullscreen=\"\" loading=\"lazy\" referrerpolicy=\"no-referrer-when-downgrade\"><\/iframe>[\/et_pb_text][\/et_pb_column][et_pb_column type=&#8221;1_4&#8243; _builder_version=&#8221;4.16&#8243; scroll_horizontal_motion_enable=&#8221;on&#8221; scroll_horizontal_motion=&#8221;0|50|50|100|0|0|15&#8243; motion_trigger_start=&#8221;bottom&#8221; scroll_horizontal_motion_tablet=&#8221;&#8221; scroll_horizontal_motion_phone=&#8221;0|50|50|100|0|0|0&#8243; scroll_horizontal_motion_last_edited=&#8221;on|phone&#8221; custom_css_main_element=&#8221;width: 28.7% !important;&#8221; global_colors_info=&#8221;{}&#8221;][et_pb_cta title=&#8221;Contact&#8221; admin_label=&#8221;Second Try Content &#8211; Tina &#8211; Call To Action&#8221; _builder_version=&#8221;4.17.4&#8243; header_font=&#8221;Poppins|600|||||||&#8221; header_text_color=&#8221;#F7901E&#8221; header_font_size=&#8221;24px&#8221; header_line_height=&#8221;120%&#8221; body_font=&#8221;Poppins||||||||&#8221; body_text_color=&#8221;#444444&#8243; body_font_size=&#8221;16px&#8221; body_line_height=&#8221;120%&#8221; body_ul_type=&#8221;none&#8221; body_link_text_color=&#8221;#444444&#8243; use_background_color=&#8221;off&#8221; text_orientation=&#8221;right&#8221; custom_margin=&#8221;||0px||false|false&#8221; scroll_horizontal_motion=&#8221;0|50|50|100|0|0|15&#8243; custom_css_promo_description=&#8221;padding-bottom: 0;&#8221; custom_css_promo_title=&#8221;||padding-bottom: 29px;&#8221; locked=&#8221;off&#8221; global_colors_info=&#8221;{}&#8221; body_link_text_color__hover_enabled=&#8221;on|hover&#8221; body_link_text_color__hover=&#8221;#99C13C&#8221;]<\/p>\n<p><a href=\"tel:+386%202 568 91 70\">+386 2 568 91 70<\/a><br \/><a href=\"tel:+386%202 568 17 80\">+386 2 568 17 80<\/a><\/p>\n<p><a href=\"mailto:info@eltratec.com\">info@eltratec.com<\/a><\/p>\n<p>[\/et_pb_cta][et_pb_button button_text=&#8221;Control Centre&#8221; _builder_version=&#8221;4.18.0&#8243; _module_preset=&#8221;default&#8221; button_url=&#8221;http:\/\/smart.eltratec.com\/SmartWeb2&#8243; button_alignment=&#8221;right&#8221; custom_button=&#8221;on&#8221; button_text_color=&#8221;#FFFFFF&#8221; button_bg_color=&#8221;#F7901E&#8221; button_bg_enable_color=&#8221;on&#8221; button_bg_color__hover_enabled=&#8221;on|hover&#8221; hover_enabled=&#8221;0&#8243; sticky_enabled=&#8221;0&#8243; button_bg_color__hover=&#8221;#99C13C&#8221; button_bg_enable_color__hover=&#8221;on&#8221; custom_margin=&#8221;14px||||false|false&#8221; button_text_size=&#8221;15px&#8221; button_border_width=&#8221;0px&#8221; button_border_radius=&#8221;100px&#8221;][\/et_pb_button][\/et_pb_column][\/et_pb_row][\/et_pb_section]<\/p>\n","protected":false},"excerpt":{"rendered":"<p>Eltratec, trade, production and services d.o.o Ulica dr. Antona Koro\u0161ca 239244 Sveti Jurij ob \u0160\u010davniciSlovenia Tax number: SI96512059registration number: 2316773000+386 2 568 91 70+386 2 568 17 80 info@eltratec.com<\/p>\n","protected":false},"author":1,"featured_media":0,"parent":0,"menu_order":0,"comment_status":"closed","ping_status":"closed","template":"","meta":{"_seopress_robots_primary_cat":"","_et_pb_use_builder":"on","_et_pb_old_content":"","_et_gb_content_width":"","footnotes":""},"class_list":["post-370099","page","type-page","status-publish","hentry"],"acf":[],"_links":{"self":[{"href":"https:\/\/www.eltratec.com\/en\/wp-json\/wp\/v2\/pages\/370099","targetHints":{"allow":["GET"]}}],"collection":[{"href":"https:\/\/www.eltratec.com\/en\/wp-json\/wp\/v2\/pages"}],"about":[{"href":"https:\/\/www.eltratec.com\/en\/wp-json\/wp\/v2\/types\/page"}],"author":[{"embeddable":true,"href":"https:\/\/www.eltratec.com\/en\/wp-json\/wp\/v2\/users\/1"}],"replies":[{"embeddable":true,"href":"https:\/\/www.eltratec.com\/en\/wp-json\/wp\/v2\/comments?post=370099"}],"version-history":[{"count":2,"href":"https:\/\/www.eltratec.com\/en\/wp-json\/wp\/v2\/pages\/370099\/revisions"}],"predecessor-version":[{"id":370101,"href":"https:\/\/www.eltratec.com\/en\/wp-json\/wp\/v2\/pages\/370099\/revisions\/370101"}],"wp:attachment":[{"href":"https:\/\/www.eltratec.com\/en\/wp-json\/wp\/v2\/media?parent=370099"}],"curies":[{"name":"wp","href":"https:\/\/api.w.org\/{rel}","templated":true}]}}